{"id":1353,"date":"2025-08-11T04:35:25","date_gmt":"2025-08-11T04:35:25","guid":{"rendered":"https:\/\/rcpmultiservices.com\/?page_id=1353"},"modified":"2025-08-11T04:55:24","modified_gmt":"2025-08-11T04:55:24","slug":"privacy-policy","status":"publish","type":"page","link":"https:\/\/rcpmultiservices.com\/en\/privacy-policy","title":{"rendered":"Privacy Policy"},"content":{"rendered":"\n<h1 class=\"wp-block-heading\">Politique de Confidentialit\u00e9 de RCP Multi Services LLC<\/h1>\n\n\n\n<p><strong>Derni\u00e8re mise \u00e0 jour :<\/strong>\u00a0[11\/08\/2025]<\/p>\n\n\n\n<h2 class=\"wp-block-heading\">1. Qui sommes-nous<\/h2>\n\n\n\n<p>Notre site web est accessible \u00e0 l&rsquo;adresse :\u00a0<a href=\"https:\/\/rcpmultiservices.com\/\" target=\"_blank\" rel=\"noreferrer noopener\">https:\/\/rcpmultiservices.com<\/a>. <\/p>\n\n\n\n<p>RCP Multi Services LLC est une soci\u00e9t\u00e9 engag\u00e9e dans la protection de vos donn\u00e9es personnelles.<\/p>\n\n\n\n<h2 class=\"wp-block-heading\">2. Donn\u00e9es que nous collectons<\/h2>\n\n\n\n<h3 class=\"wp-block-heading\">Commentaires<\/h3>\n\n\n\n<p>Lorsque vous laissez un commentaire sur notre site, nous collectons :<\/p>\n\n\n\n<ul class=\"wp-block-list\">\n<li>Les donn\u00e9es saisies dans le formulaire de commentaire<\/li>\n\n\n\n<li>Votre adresse IP<\/li>\n\n\n\n<li>L&rsquo;agent utilisateur de votre navigateur pour la d\u00e9tection de spam<\/li>\n<\/ul>\n\n\n\n<p>Un hash anonymis\u00e9 cr\u00e9\u00e9 \u00e0 partir de votre adresse email peut \u00eatre transmis au service Gravatar pour v\u00e9rifier son utilisation. La politique de confidentialit\u00e9 de Gravatar est disponible ici :&nbsp;<a href=\"https:\/\/automattic.com\/privacy\/\" target=\"_blank\" rel=\"noreferrer noopener\">https:\/\/automattic.com\/privacy\/<\/a>. Apr\u00e8s validation de votre commentaire, votre photo de profil devient visible publiquement.<\/p>\n\n\n\n<h3 class=\"wp-block-heading\">M\u00e9dias<\/h3>\n\n\n\n<p>Nous vous recommandons d&rsquo;\u00e9viter de t\u00e9l\u00e9verser des images contenant des donn\u00e9es EXIF de localisation (GPS). Les visiteurs peuvent extraire ces informations des images disponibles sur le site.<\/p>\n\n\n\n<h3 class=\"wp-block-heading\">Cookies<\/h3>\n\n\n\n<ul class=\"wp-block-list\">\n<li><strong>Commentaires<\/strong>\u00a0: Si vous laissez un commentaire, vous pouvez opter pour la sauvegarde de vos informations dans des cookies (1 an)<\/li>\n\n\n\n<li><strong>Connexion<\/strong>\u00a0: Un cookie temporaire v\u00e9rifie l&rsquo;acceptation des cookies par votre navigateur (supprim\u00e9 \u00e0 la fermeture)<\/li>\n\n\n\n<li><strong>Compte<\/strong>\u00a0: Cookies de connexion (2 jours) et d&rsquo;options d&rsquo;affichage (1 an). L&rsquo;option \u00ab\u00a0Se souvenir de moi\u00a0\u00bb prolonge la conservation \u00e0 2 semaines<\/li>\n\n\n\n<li><strong>\u00c9dition<\/strong>\u00a0: Un cookie suppl\u00e9mentaire est cr\u00e9\u00e9 lors de l&rsquo;\u00e9dition d&rsquo;article (24 heures)<\/li>\n<\/ul>\n\n\n\n<h3 class=\"wp-block-heading\">Contenu embarqu\u00e9<\/h3>\n\n\n\n<p>Les contenus int\u00e9gr\u00e9s (vid\u00e9os, images, articles&#8230;) se comportent comme si vous visitiez directement le site source, qui peut :<\/p>\n\n\n\n<ul class=\"wp-block-list\">\n<li>Collecter des donn\u00e9es<\/li>\n\n\n\n<li>Utiliser des cookies<\/li>\n\n\n\n<li>Implanter des trackers tiers<\/li>\n\n\n\n<li>Surveiller vos interactions si vous \u00eates connect\u00e9 \u00e0 ce site<\/li>\n<\/ul>\n\n\n\n<h2 class=\"wp-block-heading\">3. Partage des donn\u00e9es<\/h2>\n\n\n\n<p>Votre adresse IP est incluse dans les emails de r\u00e9initialisation de mot de passe.<\/p>\n\n\n\n<h2 class=\"wp-block-heading\">4. Dur\u00e9e de conservation<\/h2>\n\n\n\n<ul class=\"wp-block-list\">\n<li><strong>Commentaires<\/strong>\u00a0: Conserv\u00e9s ind\u00e9finiment (pour reconnaissance automatique)<\/li>\n\n\n\n<li><strong>Comptes utilisateurs<\/strong>\u00a0: Les informations des profils sont conserv\u00e9es tant que le compte existe. Les utilisateurs peuvent voir, modifier ou supprimer leurs informations (sauf le nom d&rsquo;utilisateur)<\/li>\n<\/ul>\n\n\n\n<h2 class=\"wp-block-heading\">5. Vos droits sur vos donn\u00e9es<\/h2>\n\n\n\n<p>Vous pouvez demander :<\/p>\n\n\n\n<ul class=\"wp-block-list\">\n<li>Un export de vos donn\u00e9es personnelles<\/li>\n\n\n\n<li>L&rsquo;effacement de vos donn\u00e9es personnelles<\/li>\n<\/ul>\n\n\n\n<p>Ces droits ne s&rsquo;appliquent pas aux donn\u00e9es conserv\u00e9es pour des obligations l\u00e9gales ou administratives.<\/p>\n\n\n\n<h2 class=\"wp-block-heading\">6. Transmission des donn\u00e9es<\/h2>\n\n\n\n<p>Les commentaires sont v\u00e9rifi\u00e9s par un service automatis\u00e9 de d\u00e9tection de spam.<\/p>\n\n\n\n<h2 class=\"wp-block-heading\">7. Contact<\/h2>\n\n\n\n<p>Pour toute question relative \u00e0 cette politique ou \u00e0 vos donn\u00e9es personnelles, veuillez nous contacter :<\/p>\n\n\n\n<ul class=\"wp-block-list\">\n<li>Par email : [votre email de contact]<\/li>\n\n\n\n<li>Par t\u00e9l\u00e9phone : [votre num\u00e9ro]<\/li>\n\n\n\n<li>Via notre page contact :\u00a0<a href=\"https:\/\/rcpmultiservices.com\/fr_fr\/contact\" target=\"_blank\" rel=\"noreferrer noopener\">https:\/\/rcpmultiservices.com\/fr_fr\/contact<\/a><\/li>\n<\/ul>\n\n\n\n<p><\/p>\n","protected":false},"excerpt":{"rendered":"<p>Politique de Confidentialit\u00e9 de RCP Multi Services LLC Derni\u00e8re mise \u00e0 jour :\u00a0[11\/08\/2025] 1. Qui sommes-nous Notre site web est accessible \u00e0 l&rsquo;adresse :\u00a0https:\/\/rcpmultiservices.com. RCP Multi Services LLC est une soci\u00e9t\u00e9 engag\u00e9e dans la protection de vos donn\u00e9es personnelles. 2. Donn\u00e9es que nous collectons Commentaires Lorsque vous laissez un commentaire sur notre site, nous collectons [&hellip;]<\/p>\n","protected":false},"author":1,"featured_media":0,"parent":0,"menu_order":0,"comment_status":"closed","ping_status":"closed","template":"","meta":{"_monsterinsights_skip_tracking":false,"_monsterinsights_sitenote_active":false,"_monsterinsights_sitenote_note":"","_monsterinsights_sitenote_category":0,"footnotes":""},"class_list":["post-1353","page","type-page","status-publish","hentry"],"_hostinger_reach_plugin_has_subscription_block":false,"_hostinger_reach_plugin_is_elementor":false,"_links":{"self":[{"href":"https:\/\/rcpmultiservices.com\/en\/wp-json\/wp\/v2\/pages\/1353","targetHints":{"allow":["GET"]}}],"collection":[{"href":"https:\/\/rcpmultiservices.com\/en\/wp-json\/wp\/v2\/pages"}],"about":[{"href":"https:\/\/rcpmultiservices.com\/en\/wp-json\/wp\/v2\/types\/page"}],"author":[{"embeddable":true,"href":"https:\/\/rcpmultiservices.com\/en\/wp-json\/wp\/v2\/users\/1"}],"replies":[{"embeddable":true,"href":"https:\/\/rcpmultiservices.com\/en\/wp-json\/wp\/v2\/comments?post=1353"}],"version-history":[{"count":3,"href":"https:\/\/rcpmultiservices.com\/en\/wp-json\/wp\/v2\/pages\/1353\/revisions"}],"predecessor-version":[{"id":1359,"href":"https:\/\/rcpmultiservices.com\/en\/wp-json\/wp\/v2\/pages\/1353\/revisions\/1359"}],"wp:attachment":[{"href":"https:\/\/rcpmultiservices.com\/en\/wp-json\/wp\/v2\/media?parent=1353"}],"curies":[{"name":"wp","href":"https:\/\/api.w.org\/{rel}","templated":true}]}}