{"id":1360,"date":"2025-08-11T05:01:02","date_gmt":"2025-08-11T05:01:02","guid":{"rendered":"https:\/\/rcpmultiservices.com\/?page_id=1360"},"modified":"2025-08-11T05:12:59","modified_gmt":"2025-08-11T05:12:59","slug":"conditions-dutilisations","status":"publish","type":"page","link":"https:\/\/rcpmultiservices.com\/en\/conditions-dutilisations","title":{"rendered":"Conditions d&rsquo;utilisations"},"content":{"rendered":"\n<h1 class=\"wp-block-heading\"><strong>Conditions G\u00e9n\u00e9rales d&rsquo;Utilisation (CGU) de RCP Multi Services LLC<\/strong><\/h1>\n\n\n\n<p><strong>Derni\u00e8re mise \u00e0 jour :<\/strong>\u00a0[11\/08\/2025]<\/p>\n\n\n\n<h2 class=\"wp-block-heading\"><strong>1. Acceptation des Conditions<\/strong><\/h2>\n\n\n\n<p>En acc\u00e9dant et en utilisant le site web&nbsp;<strong><a href=\"https:\/\/rcpmultiservices.com\/\" target=\"_blank\" rel=\"noreferrer noopener\">https:\/\/rcpmultiservices.com<\/a><\/strong>&nbsp;(ci-apr\u00e8s d\u00e9nomm\u00e9 \u00ab\u00a0le Site\u00a0\u00bb), vous acceptez sans r\u00e9serve les pr\u00e9sentes Conditions G\u00e9n\u00e9rales d\u2019Utilisation (CGU). Si vous n\u2019\u00eates pas d\u2019accord avec ces conditions, veuillez ne pas utiliser le Site.<\/p>\n\n\n\n<h2 class=\"wp-block-heading\"><strong>2. Modifications des CGU<\/strong><\/h2>\n\n\n\n<p>RCP Multi Services LLC se r\u00e9serve le droit de modifier ces CGU \u00e0 tout moment. Les changements prendront effet d\u00e8s leur publication sur le Site. Il est de votre responsabilit\u00e9 de consulter r\u00e9guli\u00e8rement cette page pour prendre connaissance des mises \u00e0 jour.<\/p>\n\n\n\n<h2 class=\"wp-block-heading\"><strong>3. Acc\u00e8s et Utilisation du Site<\/strong><\/h2>\n\n\n\n<h3 class=\"wp-block-heading\"><strong>3.1. Licence d\u2019utilisation<\/strong><\/h3>\n\n\n\n<p>Nous vous accordons une licence limit\u00e9e, non exclusive et r\u00e9vocable pour acc\u00e9der et utiliser le Site conform\u00e9ment \u00e0 ces CGU.<\/p>\n\n\n\n<h3 class=\"wp-block-heading\"><strong>3.2. Restrictions<\/strong><\/h3>\n\n\n\n<p>Il vous est interdit de :<\/p>\n\n\n\n<ul class=\"wp-block-list\">\n<li>Utiliser le Site \u00e0 des fins ill\u00e9gales ou frauduleuses.<\/li>\n\n\n\n<li>Copier, reproduire, distribuer ou exploiter commercialement tout contenu sans autorisation \u00e9crite.<\/li>\n\n\n\n<li>Perturber la s\u00e9curit\u00e9 ou l\u2019int\u00e9grit\u00e9 du Site (attaques, spam, etc.).<\/li>\n\n\n\n<li>Tenter d\u2019acc\u00e9der \u00e0 des zones restreintes sans autorisation.<\/li>\n<\/ul>\n\n\n\n<h2 class=\"wp-block-heading\"><strong>4. Compte Utilisateur<\/strong><\/h2>\n\n\n\n<h3 class=\"wp-block-heading\"><strong>4.1. Cr\u00e9ation de compte<\/strong><\/h3>\n\n\n\n<p>Certaines fonctionnalit\u00e9s du Site peuvent n\u00e9cessiter la cr\u00e9ation d\u2019un compte. Vous devez fournir des informations exactes et maintenir la confidentialit\u00e9 de vos identifiants.<\/p>\n\n\n\n<h3 class=\"wp-block-heading\"><strong>4.2. Responsabilit\u00e9 du compte<\/strong><\/h3>\n\n\n\n<p>Vous \u00eates responsable de toutes les activit\u00e9s li\u00e9es \u00e0 votre compte. En cas d\u2019utilisation non autoris\u00e9e, vous devez imm\u00e9diatement nous en informer.<\/p>\n\n\n\n<h2 class=\"wp-block-heading\"><strong>5. Propri\u00e9t\u00e9 Intellectuelle<\/strong><\/h2>\n\n\n\n<p>Tous les contenus du Site (textes, images, logos, vid\u00e9os, etc.) sont la propri\u00e9t\u00e9 exclusive de&nbsp;<strong>RCP Multi Services LLC<\/strong>&nbsp;ou de ses partenaires et sont prot\u00e9g\u00e9s par les lois sur la propri\u00e9t\u00e9 intellectuelle. Toute reproduction non autoris\u00e9e est strictement interdite.<\/p>\n\n\n\n<h2 class=\"wp-block-heading\"><strong>6. Produits et Services<\/strong><\/h2>\n\n\n\n<h3 class=\"wp-block-heading\"><strong>6.1. Disponibilit\u00e9<\/strong><\/h3>\n\n\n\n<p>Nous nous effor\u00e7ons d\u2019assurer la disponibilit\u00e9 du Site, mais nous ne garantissons pas un acc\u00e8s ininterrompu. Des interruptions techniques peuvent survenir.<\/p>\n\n\n\n<h3 class=\"wp-block-heading\"><strong>6.2. Prix et Paiements<\/strong><\/h3>\n\n\n\n<ul class=\"wp-block-list\">\n<li>Les prix sont indiqu\u00e9s en [devise] et peuvent \u00eatre modifi\u00e9s sans pr\u00e9avis.<\/li>\n\n\n\n<li>Les paiements sont s\u00e9curis\u00e9s via nos partenaires de traitement (Stripe, PayPal, etc.).<\/li>\n<\/ul>\n\n\n\n<h3 class=\"wp-block-heading\"><strong>6.3. Retours et Remboursements<\/strong><\/h3>\n\n\n\n<p>Consultez notre&nbsp;<a target=\"_blank\" rel=\"noreferrer noopener\">Politique de Retours<\/a>&nbsp;pour les conditions applicables.<\/p>\n\n\n\n<h2 class=\"wp-block-heading\"><strong>7. Limitation de Responsabilit\u00e9<\/strong><\/h2>\n\n\n\n<p>RCP Multi Services LLC d\u00e9cline toute responsabilit\u00e9 pour :<\/p>\n\n\n\n<ul class=\"wp-block-list\">\n<li>Les dommages indirects r\u00e9sultant de l\u2019utilisation du Site.<\/li>\n\n\n\n<li>Les erreurs ou interruptions techniques.<\/li>\n\n\n\n<li>Les contenus tiers li\u00e9s au Site.<\/li>\n<\/ul>\n\n\n\n<h2 class=\"wp-block-heading\"><strong>8. Liens Externes<\/strong><\/h2>\n\n\n\n<p>Le Site peut contenir des liens vers des sites tiers. Nous ne sommes pas responsables de leurs contenus ou pratiques de confidentialit\u00e9.<\/p>\n\n\n\n<h2 class=\"wp-block-heading\"><strong>9. R\u00e9siliation<\/strong><\/h2>\n\n\n\n<p>Nous nous r\u00e9servons le droit de suspendre ou r\u00e9silier votre acc\u00e8s au Site en cas de violation des CGU, sans pr\u00e9avis.<\/p>\n\n\n\n<h2 class=\"wp-block-heading\"><strong>10. Loi Applicable et Litiges<\/strong><\/h2>\n\n\n\n<p>Ces CGU sont r\u00e9gies par les lois de [Pays\/Juridiction]. Tout litige sera soumis aux tribunaux comp\u00e9tents de [Ville\/Pays].<\/p>\n\n\n\n<h2 class=\"wp-block-heading\"><strong>11. Contact<\/strong><\/h2>\n\n\n\n<p>Pour toute question concernant ces CGU, contactez-nous :<\/p>\n\n\n\n<ul class=\"wp-block-list\">\n<li><strong>Email :<\/strong>\u00a0[<a href=\"https:\/\/mailto:contact@rcpmultiservices.com\/\" target=\"_blank\" rel=\"noreferrer noopener\">info@rcpmultiservices.com<\/a>]<\/li>\n\n\n\n<li><strong>T\u00e9l\u00e9phone :<\/strong>\u00a0[+1 (413) 479-5908]<\/li>\n\n\n\n<li><strong>Adresse :<\/strong>\u00a0[312 W. 2nd St #3669, Casper, WY 82601]<\/li>\n<\/ul>\n\n\n\n<p><\/p>\n","protected":false},"excerpt":{"rendered":"<p>Conditions G\u00e9n\u00e9rales d&rsquo;Utilisation (CGU) de RCP Multi Services LLC Derni\u00e8re mise \u00e0 jour :\u00a0[11\/08\/2025] 1. Acceptation des Conditions En acc\u00e9dant et en utilisant le site web&nbsp;https:\/\/rcpmultiservices.com&nbsp;(ci-apr\u00e8s d\u00e9nomm\u00e9 \u00ab\u00a0le Site\u00a0\u00bb), vous acceptez sans r\u00e9serve les pr\u00e9sentes Conditions G\u00e9n\u00e9rales d\u2019Utilisation (CGU). Si vous n\u2019\u00eates pas d\u2019accord avec ces conditions, veuillez ne pas utiliser le Site. 2. Modifications [&hellip;]<\/p>\n","protected":false},"author":1,"featured_media":0,"parent":0,"menu_order":0,"comment_status":"closed","ping_status":"closed","template":"","meta":{"_monsterinsights_skip_tracking":false,"_monsterinsights_sitenote_active":false,"_monsterinsights_sitenote_note":"","_monsterinsights_sitenote_category":0,"footnotes":""},"class_list":["post-1360","page","type-page","status-publish","hentry"],"_hostinger_reach_plugin_has_subscription_block":false,"_hostinger_reach_plugin_is_elementor":false,"_links":{"self":[{"href":"https:\/\/rcpmultiservices.com\/en\/wp-json\/wp\/v2\/pages\/1360","targetHints":{"allow":["GET"]}}],"collection":[{"href":"https:\/\/rcpmultiservices.com\/en\/wp-json\/wp\/v2\/pages"}],"about":[{"href":"https:\/\/rcpmultiservices.com\/en\/wp-json\/wp\/v2\/types\/page"}],"author":[{"embeddable":true,"href":"https:\/\/rcpmultiservices.com\/en\/wp-json\/wp\/v2\/users\/1"}],"replies":[{"embeddable":true,"href":"https:\/\/rcpmultiservices.com\/en\/wp-json\/wp\/v2\/comments?post=1360"}],"version-history":[{"count":2,"href":"https:\/\/rcpmultiservices.com\/en\/wp-json\/wp\/v2\/pages\/1360\/revisions"}],"predecessor-version":[{"id":1363,"href":"https:\/\/rcpmultiservices.com\/en\/wp-json\/wp\/v2\/pages\/1360\/revisions\/1363"}],"wp:attachment":[{"href":"https:\/\/rcpmultiservices.com\/en\/wp-json\/wp\/v2\/media?parent=1360"}],"curies":[{"name":"wp","href":"https:\/\/api.w.org\/{rel}","templated":true}]}}