{"id":333,"date":"2025-06-12T21:26:40","date_gmt":"2025-06-12T21:26:40","guid":{"rendered":"https:\/\/rcpmultiservices.com\/?page_id=333"},"modified":"2025-10-04T16:05:42","modified_gmt":"2025-10-04T16:05:42","slug":"contact","status":"publish","type":"page","link":"https:\/\/rcpmultiservices.com\/en\/contact","title":{"rendered":"CONTACTS"},"content":{"rendered":"\n<!DOCTYPE html>\n\n<html lang=\"fr\">\n\n<head>\n\n<meta charset=\"UTF-8\" \/>\n\n<meta name=\"viewport\" content=\"width=device-width, initial-scale=1.0\"\/>\n\n<title>Contact &#8211; RCP Multi Services LLC<\/title>\n\n<link rel=\"stylesheet\" href=\"https:\/\/cdnjs.cloudflare.com\/ajax\/libs\/font-awesome\/6.4.0\/css\/all.min.css\"\/>\n\n<style>\n\n:root {\n\n--primary: #7500B3;\n\n--primary-light: #9b5fe0;\n\n--text: #333;\n\n--text-light: #666;\n\n--bg: #f5f5f5;\n\n--white: #fff;\n\n--shadow: 0 4px 12px rgba(0, 0, 0, 0.1);\n\n}\n\n\n\nbody {\n\nmargin: 0;\n\nfont-family: 'Segoe UI', Tahoma, Geneva, Verdana, sans-serif;\n\nbackground-color: var(--bg);\n\ncolor: var(--text);\n\n}\n\n\n\n.container {\n\nmax-width: 1200px;\n\nmargin: 0 auto;\n\npadding: 40px 20px;\n\n}\n\n\n\nh2.section-title {\n\ntext-align: center;\n\nfont-size: 2.2em;\n\nmargin-bottom: 40px;\n\ncolor: var(--primary);\n\nposition: relative;\n\n}\n\n\n\nh2.section-title::after {\n\ncontent: \"\";\n\nwidth: 80px;\n\nheight: 4px;\n\nbackground: var(--primary-light);\n\ndisplay: block;\n\nmargin: 10px auto 0;\n\nborder-radius: 2px;\n\n}\n\n\n\n.contact-wrapper {\n\ndisplay: grid;\n\ngrid-template-columns: 1fr 1fr;\n\ngap: 40px;\n\n}\n\n\n\n.contact-info, .map-container {\n\nbackground: var(--white);\n\npadding: 30px;\n\nborder-radius: 12px;\n\nbox-shadow: var(--shadow);\n\n}\n\n\n\n.contact-info h3 {\n\nmargin-top: 0;\n\ncolor: var(--primary);\n\nfont-size: 1.5em;\n\nmargin-bottom: 20px;\n\ntext-align: center;\n\n}\n\n\n\n.info-item {\n\ndisplay: flex;\n\nalign-items: flex-start;\n\nmargin-bottom: 20px;\n\n}\n\n\n\n.info-item i {\n\nfont-size: 1.3em;\n\ncolor: var(--primary);\n\nmargin-right: 15px;\n\nmargin-top: 5px;\n\nmin-width: 25px;\n\ntext-align: center;\n\n}\n\n\n\n.info-item .info-content h4 {\n\nmargin: 0 0 5px 0;\n\nfont-size: 1em;\n\ncolor: var(--text);\n\n}\n\n\n\n.info-item .info-content p,\n\n.info-item .info-content a {\n\nmargin: 0;\n\ncolor: var(--text-light);\n\ntext-decoration: none;\n\nfont-size: 0.95em;\n\n}\n\n\n\n.info-item .info-content a:hover {\n\ncolor: var(--primary);\n\ntext-decoration: underline;\n\n}\n\n\n\n.map-container iframe {\n\nwidth: 100%;\n\nheight: 100%;\n\nborder: none;\n\nborder-radius: 8px;\n\nmin-height: 400px;\n\n}\n\n\n\n@media (max-width: 900px) {\n\n.contact-wrapper {\n\ngrid-template-columns: 1fr;\n\n}\n\n}\n\n<\/style>\n\n<\/head>\n\n<body>\n\n\n\n<div class=\"container\">\n\n<h2 class=\"section-title\">Contactez-nous<\/h2>\n\n\n\n<div class=\"contact-wrapper\">\n\n<!-- Infos de contact -->\n\n<div class=\"contact-info\">\n\n<h3>Coordonn\u00e9es<\/h3>\n\n\n\n<div class=\"info-item\">\n\n<i class=\"fas fa-map-marker-alt\"><\/i>\n\n<div class=\"info-content\">\n\n<h4>Adresse<\/h4>\n\n<p>312 W. 2nd St #3669, Casper, WY 82601<\/p>\n\n<\/div>\n\n<\/div>\n\n\n\n<div class=\"info-item\">\n\n<i class=\"fas fa-phone\"><\/i>\n\n<div class=\"info-content\">\n\n<h4>T\u00e9l\u00e9phone<\/h4>\n\n<p><a href=\"tel:+14134281055\">+1 (413) 428-1055<\/a><\/p>\n\n<p><a href=\"tel:+14078665286\">+1 (407) 866-5286<\/a><\/p>\n\n<p><a href=\"tel:+56929720869\">+56 9 2972 0869<\/a><\/p>\n\n<\/div>\n\n<\/div>\n\n\n\n<div class=\"info-item\">\n\n<i class=\"fas fa-envelope\"><\/i>\n\n<div class=\"info-content\">\n\n<h4>Email g\u00e9n\u00e9ral<\/h4>\n\n<p><a href=\"mailto:info@rcpmultiservices.com\">info@rcpmultiservices.com<\/a><\/p>\n\n<\/div>\n\n<\/div>\n\n\n\n<div class=\"info-item\">\n\n<i class=\"fas fa-envelope-open-text\"><\/i>\n\n<div class=\"info-content\">\n\n<h4>Service client<\/h4>\n\n<p><a href=\"mailto:contact@rcpmultiservices.com\">contact@rcpmultiservices.com<\/a><\/p>\n\n<\/div>\n\n<\/div>\n\n\n\n<div class=\"info-item\">\n\n<i class=\"fas fa-briefcase\"><\/i>\n\n<div class=\"info-content\">\n\n<h4>Service commercial<\/h4>\n\n<p><a href=\"mailto:ventes@rcpmultiservices.com\">ventes@rcpmultiservices.com<\/a><\/p>\n\n<\/div>\n\n<\/div>\n\n\n\n<div class=\"info-item\">\n\n<i class=\"fas fa-clock\"><\/i>\n\n<div class=\"info-content\">\n\n<h4>Horaires<\/h4>\n\n<p>24 heures \/ 7 jours<\/p>\n\n<\/div>\n\n<\/div>\n\n<\/div>\n\n\n\n<!-- Google Maps -->\n\n<div class=\"map-container\">\n\n<iframe\n\nsrc=\"https:\/\/www.google.com\/maps\/embed?pb=!1m18!1m12!1m3!1d3021.947085279242!2d-73.95900662421136!3d40.77569263364373!2m3!1f0!2f0!3f0!3m2!1i1024!2i768!4f13.1!3m3!1m2!1s0x89c258f008e7b2c5%3A0xc80b8f06e177fe62!2sCentral%20Park!5e0!3m2!1sfr!2sht!4v1691548491904!5m2!1sfr!2sht\"\n\nallowfullscreen\n\nloading=\"lazy\"\n\nreferrerpolicy=\"no-referrer-when-downgrade\">\n\n<\/iframe>\n\n<\/div>\n\n<\/div>\n\n<\/div>\n\n\n\n<\/body>\n\n<\/html>\n\n\n\n<h2 style=\"text-align: center; color: #7500B3;\">FORMULAIRE DE CONTACT<\/h2>\n\n\n\n<h2 class=\"wp-block-heading has-text-align-center\"><\/h2>\n\n\n<style id=\"wpforms-css-vars-1613-block-48cccd53-4a44-4e87-8792-8fb2c671b432\">\n\t\t\t\t#wpforms-1613.wpforms-block-48cccd53-4a44-4e87-8792-8fb2c671b432 {\n\t\t\t\t--wpforms-field-size-input-height: 43px;\n--wpforms-field-size-input-spacing: 15px;\n--wpforms-field-size-font-size: 16px;\n--wpforms-field-size-line-height: 19px;\n--wpforms-field-size-padding-h: 14px;\n--wpforms-field-size-checkbox-size: 16px;\n--wpforms-field-size-sublabel-spacing: 5px;\n--wpforms-field-size-icon-size: 1;\n--wpforms-label-size-font-size: 16px;\n--wpforms-label-size-line-height: 19px;\n--wpforms-label-size-sublabel-font-size: 14px;\n--wpforms-label-size-sublabel-line-height: 17px;\n--wpforms-button-size-font-size: 17px;\n--wpforms-button-size-height: 41px;\n--wpforms-button-size-padding-h: 15px;\n--wpforms-button-size-margin-top: 10px;\n\t\t\t}\n\t\t\t<\/style><div class=\"wpforms-container wpforms-container-full wpforms-block wpforms-block-48cccd53-4a44-4e87-8792-8fb2c671b432 wpforms-render-modern\" id=\"wpforms-1613\"><form id=\"wpforms-form-1613\" class=\"wpforms-validate wpforms-form wpforms-ajax-form\" data-formid=\"1613\" method=\"post\" enctype=\"multipart\/form-data\" action=\"\/en\/wp-json\/wp\/v2\/pages\/333\" data-token=\"f0990c0cf2e65d2b6f3a951fd8023216\" data-token-time=\"1776404980\"><noscript class=\"wpforms-error-noscript\">Please enable JavaScript in your browser to complete this form.<\/noscript><div id=\"wpforms-error-noscript\" style=\"display: none;\">Please enable JavaScript in your browser to complete this form.<\/div><div class=\"wpforms-field-container\"><div id=\"wpforms-1613-field_1-container\" class=\"wpforms-field wpforms-field-name\" data-field-id=\"1\"><fieldset><legend class=\"wpforms-field-label\">Name <span class=\"wpforms-required-label\" aria-hidden=\"true\">*<\/span><\/legend><div class=\"wpforms-field-row wpforms-field-medium\"><div class=\"wpforms-field-row-block wpforms-first wpforms-one-half\"><input type=\"text\" id=\"wpforms-1613-field_1\" class=\"wpforms-field-name-first wpforms-field-required\" name=\"wpforms[fields][1][first]\" aria-errormessage=\"wpforms-1613-field_1-error\" required><label for=\"wpforms-1613-field_1\" class=\"wpforms-field-sublabel after\">First<\/label><\/div><div class=\"wpforms-field-row-block wpforms-one-half\"><input type=\"text\" id=\"wpforms-1613-field_1-last\" class=\"wpforms-field-name-last wpforms-field-required\" name=\"wpforms[fields][1][last]\" aria-errormessage=\"wpforms-1613-field_1-last-error\" required><label for=\"wpforms-1613-field_1-last\" class=\"wpforms-field-sublabel after\">Last<\/label><\/div><\/div><\/fieldset><\/div><div id=\"wpforms-1613-field_2-container\" class=\"wpforms-field wpforms-field-email\" data-field-id=\"2\"><label class=\"wpforms-field-label\" for=\"wpforms-1613-field_2\">Email <span class=\"wpforms-required-label\" aria-hidden=\"true\">*<\/span><\/label><input type=\"email\" id=\"wpforms-1613-field_2\" class=\"wpforms-field-medium wpforms-field-required\" name=\"wpforms[fields][2]\" spellcheck=\"false\" aria-errormessage=\"wpforms-1613-field_2-error\" required><\/div><div id=\"wpforms-1613-field_12-container\" class=\"wpforms-field wpforms-field-select wpforms-field-select-style-classic\" data-field-id=\"12\"><label class=\"wpforms-field-label\" for=\"wpforms-1613-field_12\">S\u00e9lectionnez un sujet <span class=\"wpforms-required-label\" aria-hidden=\"true\">*<\/span><\/label><select id=\"wpforms-1613-field_12\" class=\"wpforms-field-medium wpforms-field-required\" name=\"wpforms[fields][12]\" required=\"required\"><option value=\"\" class=\"placeholder\" disabled  selected='selected'>&#8212; Select Choice &#8212;<\/option><option value=\"Question g\u00e9n\u00e9rale\"  class=\"choice-1 depth-1\"  >Question g\u00e9n\u00e9rale<\/option><option value=\"Support technique\"  class=\"choice-2 depth-1\"  >Support technique<\/option><option value=\"Partenariat commercial\"  class=\"choice-3 depth-1\"  >Partenariat commercial<\/option><option value=\"Demande de devis\"  class=\"choice-4 depth-1\"  >Demande de devis<\/option><option value=\"Autre\"  class=\"choice-5 depth-1\"  >Autre<\/option><\/select><\/div>\t\t<div id=\"wpforms-1613-field_4-container\"\n\t\t\tclass=\"wpforms-field wpforms-field-text\"\n\t\t\tdata-field-type=\"text\"\n\t\t\tdata-field-id=\"4\"\n\t\t\t>\n\t\t\t<label class=\"wpforms-field-label\" for=\"wpforms-1613-field_4\" >Name or sujet<\/label>\n\t\t\t<input type=\"text\" id=\"wpforms-1613-field_4\" class=\"wpforms-field-medium\" name=\"wpforms[fields][4]\" >\n\t\t<\/div>\n\t\t<div id=\"wpforms-1613-field_13-container\" class=\"wpforms-field wpforms-field-text\" data-field-id=\"13\"><label class=\"wpforms-field-label\" for=\"wpforms-1613-field_13\">Objet <span class=\"wpforms-required-label\" aria-hidden=\"true\">*<\/span><\/label><input type=\"text\" id=\"wpforms-1613-field_13\" class=\"wpforms-field-medium wpforms-field-required\" name=\"wpforms[fields][13]\" aria-errormessage=\"wpforms-1613-field_13-error\" required><\/div><div id=\"wpforms-1613-field_3-container\" class=\"wpforms-field wpforms-field-textarea\" data-field-id=\"3\"><label class=\"wpforms-field-label\" for=\"wpforms-1613-field_3\">Comment or Message<\/label><textarea id=\"wpforms-1613-field_3\" class=\"wpforms-field-medium\" name=\"wpforms[fields][3]\" aria-errormessage=\"wpforms-1613-field_3-error\" ><\/textarea><\/div><script>\n\t\t\t\t( function() {\n\t\t\t\t\tconst style = document.createElement( 'style' );\n\t\t\t\t\tstyle.appendChild( document.createTextNode( '#wpforms-1613-field_4-container { position: absolute !important; overflow: hidden !important; display: inline !important; height: 1px !important; width: 1px !important; z-index: -1000 !important; padding: 0 !important; } #wpforms-1613-field_4-container input { visibility: hidden; } #wpforms-conversational-form-page #wpforms-1613-field_4-container label { counter-increment: none; }' ) );\n\t\t\t\t\tdocument.head.appendChild( style );\n\t\t\t\t\tdocument.currentScript?.remove();\n\t\t\t\t} )();\n\t\t\t<\/script><\/div><!-- .wpforms-field-container --><div class=\"wpforms-submit-container\" ><input type=\"hidden\" name=\"wpforms[id]\" value=\"1613\"><input type=\"hidden\" name=\"page_title\" value=\"\"><input type=\"hidden\" name=\"page_url\" value=\"https:\/\/rcpmultiservices.com\/en\/wp-json\/wp\/v2\/pages\/333\"><input type=\"hidden\" name=\"url_referer\" value=\"\"><button type=\"submit\" name=\"wpforms[submit]\" id=\"wpforms-submit-1613\" class=\"wpforms-submit\" data-alt-text=\"Sending...\" data-submit-text=\"Submit\" aria-live=\"assertive\" value=\"wpforms-submit\">Submit<\/button><img loading=\"lazy\" decoding=\"async\" src=\"https:\/\/rcpmultiservices.com\/wp-content\/plugins\/wpforms-lite\/assets\/images\/submit-spin.svg\" class=\"wpforms-submit-spinner\" style=\"display: none;\" width=\"26\" height=\"26\" alt=\"Loading\"><\/div><\/form><\/div>  <!-- .wpforms-container -->\n\n\n<p><\/p>\n","protected":false},"excerpt":{"rendered":"<p>Contact &#8211; RCP Multi Services LLC Contactez-nous Coordonn\u00e9es Adresse 312 W. 2nd St #3669, Casper, WY 82601 T\u00e9l\u00e9phone +1 (413) 428-1055 +1 (407) 866-5286 +56 9 2972 0869 Email g\u00e9n\u00e9ral info@rcpmultiservices.com Service client contact@rcpmultiservices.com Service commercial ventes@rcpmultiservices.com Horaires 24 heures \/ 7 jours<\/p>","protected":false},"author":2,"featured_media":0,"parent":0,"menu_order":0,"comment_status":"closed","ping_status":"closed","template":"","meta":{"_monsterinsights_skip_tracking":false,"_monsterinsights_sitenote_active":false,"_monsterinsights_sitenote_note":"","_monsterinsights_sitenote_category":0,"footnotes":""},"class_list":["post-333","page","type-page","status-publish","hentry"],"_hostinger_reach_plugin_has_subscription_block":false,"_hostinger_reach_plugin_is_elementor":false,"_links":{"self":[{"href":"https:\/\/rcpmultiservices.com\/en\/wp-json\/wp\/v2\/pages\/333","targetHints":{"allow":["GET"]}}],"collection":[{"href":"https:\/\/rcpmultiservices.com\/en\/wp-json\/wp\/v2\/pages"}],"about":[{"href":"https:\/\/rcpmultiservices.com\/en\/wp-json\/wp\/v2\/types\/page"}],"author":[{"embeddable":true,"href":"https:\/\/rcpmultiservices.com\/en\/wp-json\/wp\/v2\/users\/2"}],"replies":[{"embeddable":true,"href":"https:\/\/rcpmultiservices.com\/en\/wp-json\/wp\/v2\/comments?post=333"}],"version-history":[{"count":101,"href":"https:\/\/rcpmultiservices.com\/en\/wp-json\/wp\/v2\/pages\/333\/revisions"}],"predecessor-version":[{"id":1633,"href":"https:\/\/rcpmultiservices.com\/en\/wp-json\/wp\/v2\/pages\/333\/revisions\/1633"}],"wp:attachment":[{"href":"https:\/\/rcpmultiservices.com\/en\/wp-json\/wp\/v2\/media?parent=333"}],"curies":[{"name":"wp","href":"https:\/\/api.w.org\/{rel}","templated":true}]}}